{"id":9571,"date":"2022-07-02T03:01:49","date_gmt":"2022-07-02T01:01:49","guid":{"rendered":"https:\/\/www.fmarimayans.com\/?page_id=9571"},"modified":"2026-02-17T20:25:18","modified_gmt":"2026-02-17T19:25:18","slug":"frequently-asked-questions","status":"publish","type":"page","link":"https:\/\/www.fmarimayans.com\/en\/frequently-asked-questions\/","title":{"rendered":"Frequently Asked Questions"},"content":{"rendered":"\t\t<div data-elementor-type=\"wp-page\" data-elementor-id=\"9571\" class=\"elementor elementor-9571 elementor-34\" data-elementor-post-type=\"page\">\n\t\t\t\t\t\t<div class=\"elementor-section elementor-top-section elementor-element elementor-element-00446b3 elementor-section-stretched elementor-section-boxed elementor-section-height-default elementor-section-height-default\" data-id=\"00446b3\" data-element_type=\"section\" data-e-type=\"section\" data-settings=\"{&quot;stretch_section&quot;:&quot;section-stretched&quot;}\">\n\t\t\t\t\t\t<div class=\"elementor-container elementor-column-gap-no\">\n\t\t\t\t\t<div class=\"elementor-column elementor-col-100 elementor-top-column elementor-element elementor-element-4cfaf19\" data-id=\"4cfaf19\" data-element_type=\"column\" data-e-type=\"column\">\n\t\t\t<div class=\"elementor-widget-wrap elementor-element-populated\">\n\t\t\t\t\t\t<div class=\"elementor-section elementor-inner-section elementor-element elementor-element-d822353 elementor-section-boxed elementor-section-height-default elementor-section-height-default\" data-id=\"d822353\" data-element_type=\"section\" data-e-type=\"section\">\n\t\t\t\t\t\t<div class=\"elementor-container elementor-column-gap-no\">\n\t\t\t\t\t<div class=\"elementor-column elementor-col-50 elementor-inner-column elementor-element elementor-element-6e999b9\" data-id=\"6e999b9\" data-element_type=\"column\" data-e-type=\"column\">\n\t\t\t<div class=\"elementor-widget-wrap elementor-element-populated\">\n\t\t\t\t\t\t<div class=\"elementor-element elementor-element-9f94eb5 elementor-widget elementor-widget-heading\" data-id=\"9f94eb5\" data-element_type=\"widget\" data-e-type=\"widget\" data-widget_type=\"heading.default\">\n\t\t\t\t<div class=\"elementor-widget-container\">\n\t\t\t\t\t<h2 class=\"elementor-heading-title elementor-size-default\">General Questions<\/h2>\t\t\t\t<\/div>\n\t\t\t\t<\/div>\n\t\t\t\t<div class=\"elementor-element elementor-element-847a999 elementor-widget__width-initial elementor-widget elementor-widget-text-editor\" data-id=\"847a999\" data-element_type=\"widget\" data-e-type=\"widget\" data-widget_type=\"text-editor.default\">\n\t\t\t\t<div class=\"elementor-widget-container\">\n\t\t\t\t\t\t\t\t\t<p>In Family Mar\u00ed Mayans, we are proud to offer spirits and alcoholic beverages that capture the essence and tradition of Ibiza. Since our roots in 1872, we have maintained quality and authenticity in every bottle. This space is dedicated to answering your questions about our products, ingredients, and our rich history. Discover more about what makes our Ibicencas Herbs special and immerse yourself in the tradition that has been part of our family for generations.<\/p>\t\t\t\t\t\t\t\t<\/div>\n\t\t\t\t<\/div>\n\t\t\t\t\t<\/div>\n\t\t<\/div>\n\t\t\t\t<div class=\"elementor-column elementor-col-50 elementor-inner-column elementor-element elementor-element-eb8cc8b\" data-id=\"eb8cc8b\" data-element_type=\"column\" data-e-type=\"column\">\n\t\t\t<div class=\"elementor-widget-wrap elementor-element-populated\">\n\t\t\t\t\t\t<div class=\"elementor-element elementor-element-0df5727 liquory-accordion-layout-1 elementor-widget elementor-widget-accordion\" data-id=\"0df5727\" data-element_type=\"widget\" data-e-type=\"widget\" data-widget_type=\"accordion.default\">\n\t\t\t\t<div class=\"elementor-widget-container\">\n\t\t\t\t\t\t\t<div class=\"elementor-accordion\">\n\t\t\t\t\t\t\t<div class=\"elementor-accordion-item\">\n\t\t\t\t\t<div id=\"elementor-tab-title-1461\" class=\"elementor-tab-title\" data-tab=\"1\" role=\"button\" aria-controls=\"elementor-tab-content-1461\" aria-expanded=\"false\">\n\t\t\t\t\t\t\t\t\t\t\t\t\t<span class=\"elementor-accordion-icon elementor-accordion-icon-right\" aria-hidden=\"true\">\n\t\t\t\t\t\t\t\t\t\t\t\t\t\t\t<span class=\"elementor-accordion-icon-closed\"><i class=\"liquory-icon- liquory-icon-plus-o\"><\/i><\/span>\n\t\t\t\t\t\t\t\t<span class=\"elementor-accordion-icon-opened\"><i class=\"liquory-icon- liquory-icon-minus-o\"><\/i><\/span>\n\t\t\t\t\t\t\t\t\t\t\t\t\t\t<\/span>\n\t\t\t\t\t\t\t\t\t\t\t\t<a class=\"elementor-accordion-title\" tabindex=\"0\">\u00bfQu\u00e9 ingredientes se utilizan para hacer las Hierbas Ibicencas de Familia Mar\u00ed Mayans?<\/a>\n\t\t\t\t\t<\/div>\n\t\t\t\t\t<div id=\"elementor-tab-content-1461\" class=\"elementor-tab-content elementor-clearfix\" data-tab=\"1\" role=\"region\" aria-labelledby=\"elementor-tab-title-1461\"><p>Nuestras Hierbas Ibicencas se elaboran con una selecci\u00f3n de m\u00e1s de 20 hierbas arom\u00e1ticas y medicinales t\u00edpicas de Ibiza, incluyendo romero, tomillo y lavanda, entre otras. Cada hierba se selecciona cuidadosamente para garantizar la calidad y el sabor aut\u00e9ntico de nuestro licor.<\/p><\/div>\n\t\t\t\t<\/div>\n\t\t\t\t\t\t\t<div class=\"elementor-accordion-item\">\n\t\t\t\t\t<div id=\"elementor-tab-title-1462\" class=\"elementor-tab-title\" data-tab=\"2\" role=\"button\" aria-controls=\"elementor-tab-content-1462\" aria-expanded=\"false\">\n\t\t\t\t\t\t\t\t\t\t\t\t\t<span class=\"elementor-accordion-icon elementor-accordion-icon-right\" aria-hidden=\"true\">\n\t\t\t\t\t\t\t\t\t\t\t\t\t\t\t<span class=\"elementor-accordion-icon-closed\"><i class=\"liquory-icon- liquory-icon-plus-o\"><\/i><\/span>\n\t\t\t\t\t\t\t\t<span class=\"elementor-accordion-icon-opened\"><i class=\"liquory-icon- liquory-icon-minus-o\"><\/i><\/span>\n\t\t\t\t\t\t\t\t\t\t\t\t\t\t<\/span>\n\t\t\t\t\t\t\t\t\t\t\t\t<a class=\"elementor-accordion-title\" tabindex=\"0\">\u00bfCu\u00e1l es la historia detr\u00e1s de Familia Mar\u00ed Mayans?<\/a>\n\t\t\t\t\t<\/div>\n\t\t\t\t\t<div id=\"elementor-tab-content-1462\" class=\"elementor-tab-content elementor-clearfix\" data-tab=\"2\" role=\"region\" aria-labelledby=\"elementor-tab-title-1462\"><p>Familia Mar\u00ed Mayans fue fundada a finales del siglo XIX en Ibiza, convirti\u00e9ndose en una de las destiler\u00edas m\u00e1s antiguas y reconocidas de la isla. Desde entonces, hemos mantenido nuestra receta secreta familiar, pasando de generaci\u00f3n en generaci\u00f3n, mientras continuamos honrando las tradiciones ibicencas.<\/p><\/div>\n\t\t\t\t<\/div>\n\t\t\t\t\t\t\t<div class=\"elementor-accordion-item\">\n\t\t\t\t\t<div id=\"elementor-tab-title-1463\" class=\"elementor-tab-title\" data-tab=\"3\" role=\"button\" aria-controls=\"elementor-tab-content-1463\" aria-expanded=\"false\">\n\t\t\t\t\t\t\t\t\t\t\t\t\t<span class=\"elementor-accordion-icon elementor-accordion-icon-right\" aria-hidden=\"true\">\n\t\t\t\t\t\t\t\t\t\t\t\t\t\t\t<span class=\"elementor-accordion-icon-closed\"><i class=\"liquory-icon- liquory-icon-plus-o\"><\/i><\/span>\n\t\t\t\t\t\t\t\t<span class=\"elementor-accordion-icon-opened\"><i class=\"liquory-icon- liquory-icon-minus-o\"><\/i><\/span>\n\t\t\t\t\t\t\t\t\t\t\t\t\t\t<\/span>\n\t\t\t\t\t\t\t\t\t\t\t\t<a class=\"elementor-accordion-title\" tabindex=\"0\">\u00bfC\u00f3mo se deben consumir las Hierbas Ibicencas?<\/a>\n\t\t\t\t\t<\/div>\n\t\t\t\t\t<div id=\"elementor-tab-content-1463\" class=\"elementor-tab-content elementor-clearfix\" data-tab=\"3\" role=\"region\" aria-labelledby=\"elementor-tab-title-1463\"><p>Las Hierbas Ibicencas se pueden disfrutar de varias maneras: como digestivo despu\u00e9s de las comidas, en hielo para resaltar su frescura, o como parte de c\u00f3cteles innovadores. Su versatilidad las hace perfectas para cualquier ocasi\u00f3n.<\/p><\/div>\n\t\t\t\t<\/div>\n\t\t\t\t\t\t\t<div class=\"elementor-accordion-item\">\n\t\t\t\t\t<div id=\"elementor-tab-title-1464\" class=\"elementor-tab-title\" data-tab=\"4\" role=\"button\" aria-controls=\"elementor-tab-content-1464\" aria-expanded=\"false\">\n\t\t\t\t\t\t\t\t\t\t\t\t\t<span class=\"elementor-accordion-icon elementor-accordion-icon-right\" aria-hidden=\"true\">\n\t\t\t\t\t\t\t\t\t\t\t\t\t\t\t<span class=\"elementor-accordion-icon-closed\"><i class=\"liquory-icon- liquory-icon-plus-o\"><\/i><\/span>\n\t\t\t\t\t\t\t\t<span class=\"elementor-accordion-icon-opened\"><i class=\"liquory-icon- liquory-icon-minus-o\"><\/i><\/span>\n\t\t\t\t\t\t\t\t\t\t\t\t\t\t<\/span>\n\t\t\t\t\t\t\t\t\t\t\t\t<a class=\"elementor-accordion-title\" tabindex=\"0\">\u00bfOfrecen productos adem\u00e1s de las Hierbas Ibicencas?<\/a>\n\t\t\t\t\t<\/div>\n\t\t\t\t\t<div id=\"elementor-tab-content-1464\" class=\"elementor-tab-content elementor-clearfix\" data-tab=\"4\" role=\"region\" aria-labelledby=\"elementor-tab-title-1464\"><p>S\u00ed, adem\u00e1s de nuestras emblem\u00e1ticas Hierbas Ibicencas, producimos una variedad de licores y bebidas espirituosas, incluyendo Fr\u00edgola, Palo, y una selecci\u00f3n de ginebras y licores de frutas, todos elaborados con la misma dedicaci\u00f3n y calidad que caracteriza a nuestra familia.<\/p><\/div>\n\t\t\t\t<\/div>\n\t\t\t\t\t\t\t<div class=\"elementor-accordion-item\">\n\t\t\t\t\t<div id=\"elementor-tab-title-1465\" class=\"elementor-tab-title\" data-tab=\"5\" role=\"button\" aria-controls=\"elementor-tab-content-1465\" aria-expanded=\"false\">\n\t\t\t\t\t\t\t\t\t\t\t\t\t<span class=\"elementor-accordion-icon elementor-accordion-icon-right\" aria-hidden=\"true\">\n\t\t\t\t\t\t\t\t\t\t\t\t\t\t\t<span class=\"elementor-accordion-icon-closed\"><i class=\"liquory-icon- liquory-icon-plus-o\"><\/i><\/span>\n\t\t\t\t\t\t\t\t<span class=\"elementor-accordion-icon-opened\"><i class=\"liquory-icon- liquory-icon-minus-o\"><\/i><\/span>\n\t\t\t\t\t\t\t\t\t\t\t\t\t\t<\/span>\n\t\t\t\t\t\t\t\t\t\t\t\t<a class=\"elementor-accordion-title\" tabindex=\"0\">\u00bfEs posible visitar la destiler\u00eda de Familia Mar\u00ed Mayans?<\/a>\n\t\t\t\t\t<\/div>\n\t\t\t\t\t<div id=\"elementor-tab-content-1465\" class=\"elementor-tab-content elementor-clearfix\" data-tab=\"5\" role=\"region\" aria-labelledby=\"elementor-tab-title-1465\"><p>Claro, ofrecemos visitas guiadas por nuestra destiler\u00eda en Ibiza, donde los visitantes pueden aprender m\u00e1s sobre el proceso de producci\u00f3n, la historia de nuestra familia y, por supuesto, degustar nuestros productos. Para m\u00e1s informaci\u00f3n y reservas, por favor, contacta con nosotros.<\/p><\/div>\n\t\t\t\t<\/div>\n\t\t\t\t\t\t\t\t<\/div>\n\t\t\t\t\t\t<\/div>\n\t\t\t\t<\/div>\n\t\t\t\t\t<\/div>\n\t\t<\/div>\n\t\t\t\t\t<\/div>\n\t\t<\/div>\n\t\t\t\t\t<\/div>\n\t\t<\/div>\n\t\t\t\t\t<\/div>\n\t\t<\/div>\n\t\t\t\t<\/div>\n\t\t","protected":false},"excerpt":{"rendered":"<p>Preguntas Generales En Familia Mar\u00ed Mayans, nos enorgullece ofrecer licores y bebidas espirituosas que capturan la esencia y tradici\u00f3n de Ibiza. Desde nuestras ra\u00edces en 1872, hemos mantenido la calidad y autenticidad en cada botella. Este espacio est\u00e1 dedicado a responder tus preguntas sobre nuestros productos, ingredientes y nuestra rica historia. Descubre m\u00e1s sobre lo [&hellip;]<\/p>\n","protected":false},"author":6,"featured_media":0,"parent":0,"menu_order":0,"comment_status":"closed","ping_status":"closed","template":"template-homepage.php","meta":{"inline_featured_image":false,"footnotes":""},"class_list":["post-9571","page","type-page","status-publish","hentry"],"yoast_head":"<!-- This site is optimized with the Yoast SEO Premium plugin v27.2 (Yoast SEO v27.2) - https:\/\/yoast.com\/product\/yoast-seo-premium-wordpress\/ -->\n<title>Frequently Asked Questions - Familia Mar\u00ed Mayans<\/title>\n<meta name=\"robots\" content=\"index, follow, max-snippet:-1, max-image-preview:large, max-video-preview:-1\" \/>\n<link rel=\"canonical\" href=\"https:\/\/www.fmarimayans.com\/en\/frequently-asked-questions\/\" \/>\n<meta property=\"og:locale\" content=\"en_US\" \/>\n<meta property=\"og:type\" content=\"article\" \/>\n<meta property=\"og:title\" content=\"Frequently Asked Questions\" \/>\n<meta property=\"og:description\" content=\"Preguntas Generales En Familia Mar\u00ed Mayans, nos enorgullece ofrecer licores y bebidas espirituosas que capturan la esencia y tradici\u00f3n de Ibiza. Desde nuestras ra\u00edces en 1872, hemos mantenido la calidad y autenticidad en cada botella. Este espacio est\u00e1 dedicado a responder tus preguntas sobre nuestros productos, ingredientes y nuestra rica historia. Descubre m\u00e1s sobre lo [&hellip;]\" \/>\n<meta property=\"og:url\" content=\"https:\/\/www.fmarimayans.com\/en\/frequently-asked-questions\/\" \/>\n<meta property=\"og:site_name\" content=\"Familia Mar\u00ed Mayans\" \/>\n<meta property=\"article:publisher\" content=\"https:\/\/www.facebook.com\/fmarimayans\" \/>\n<meta property=\"article:modified_time\" content=\"2026-02-17T19:25:18+00:00\" \/>\n<meta name=\"twitter:card\" content=\"summary_large_image\" \/>\n<meta name=\"twitter:site\" content=\"@fmarimayans\" \/>\n<meta name=\"twitter:label1\" content=\"Est. reading time\" \/>\n\t<meta name=\"twitter:data1\" content=\"2 minutes\" \/>\n<script type=\"application\/ld+json\" class=\"yoast-schema-graph\">{\"@context\":\"https:\/\/schema.org\",\"@graph\":[{\"@type\":\"WebPage\",\"@id\":\"https:\/\/www.fmarimayans.com\/en\/frequently-asked-questions\/\",\"url\":\"https:\/\/www.fmarimayans.com\/en\/frequently-asked-questions\/\",\"name\":\"Frequently Asked Questions - Familia Mar\u00ed Mayans\",\"isPartOf\":{\"@id\":\"https:\/\/www.fmarimayans.com\/en\/#website\"},\"datePublished\":\"2022-07-02T01:01:49+00:00\",\"dateModified\":\"2026-02-17T19:25:18+00:00\",\"breadcrumb\":{\"@id\":\"https:\/\/www.fmarimayans.com\/en\/frequently-asked-questions\/#breadcrumb\"},\"inLanguage\":\"en-US\",\"potentialAction\":[{\"@type\":\"ReadAction\",\"target\":[\"https:\/\/www.fmarimayans.com\/en\/frequently-asked-questions\/\"]}]},{\"@type\":\"BreadcrumbList\",\"@id\":\"https:\/\/www.fmarimayans.com\/en\/frequently-asked-questions\/#breadcrumb\",\"itemListElement\":[{\"@type\":\"ListItem\",\"position\":1,\"name\":\"Portada\",\"item\":\"https:\/\/www.fmarimayans.com\/en\/\"},{\"@type\":\"ListItem\",\"position\":2,\"name\":\"Frequently Asked Questions\"}]},{\"@type\":\"WebSite\",\"@id\":\"https:\/\/www.fmarimayans.com\/en\/#website\",\"url\":\"https:\/\/www.fmarimayans.com\/en\/\",\"name\":\"Familia Mar\u00ed Mayans\",\"description\":\"Hierbas ibicencas Familia Mar\u00ed Mayans. Ibiza en tu copa desde 1880. Hierbas y licores hechos con productos aut\u00f3ctonos de la isla de Ibiza.\",\"publisher\":{\"@id\":\"https:\/\/www.fmarimayans.com\/en\/#organization\"},\"potentialAction\":[{\"@type\":\"SearchAction\",\"target\":{\"@type\":\"EntryPoint\",\"urlTemplate\":\"https:\/\/www.fmarimayans.com\/en\/?s={search_term_string}\"},\"query-input\":{\"@type\":\"PropertyValueSpecification\",\"valueRequired\":true,\"valueName\":\"search_term_string\"}}],\"inLanguage\":\"en-US\"},{\"@type\":\"Organization\",\"@id\":\"https:\/\/www.fmarimayans.com\/en\/#organization\",\"name\":\"Familia Mar\u00ed Mayans\",\"url\":\"https:\/\/www.fmarimayans.com\/en\/\",\"logo\":{\"@type\":\"ImageObject\",\"inLanguage\":\"en-US\",\"@id\":\"https:\/\/www.fmarimayans.com\/en\/#\/schema\/logo\/image\/\",\"url\":\"https:\/\/www.fmarimayans.com\/wp-content\/uploads\/2024\/02\/logo-familia-mari-mayans.png\",\"contentUrl\":\"https:\/\/www.fmarimayans.com\/wp-content\/uploads\/2024\/02\/logo-familia-mari-mayans.png\",\"width\":170,\"height\":65,\"caption\":\"Familia Mar\u00ed Mayans\"},\"image\":{\"@id\":\"https:\/\/www.fmarimayans.com\/en\/#\/schema\/logo\/image\/\"},\"sameAs\":[\"https:\/\/www.facebook.com\/fmarimayans\",\"https:\/\/x.com\/fmarimayans\",\"https:\/\/www.instagram.com\/fmarimayans\/\"]}]}<\/script>\n<!-- \/ Yoast SEO Premium plugin. -->","yoast_head_json":{"title":"Frequently Asked Questions - Familia Mar\u00ed Mayans","robots":{"index":"index","follow":"follow","max-snippet":"max-snippet:-1","max-image-preview":"max-image-preview:large","max-video-preview":"max-video-preview:-1"},"canonical":"https:\/\/www.fmarimayans.com\/en\/frequently-asked-questions\/","og_locale":"en_US","og_type":"article","og_title":"Frequently Asked Questions","og_description":"Preguntas Generales En Familia Mar\u00ed Mayans, nos enorgullece ofrecer licores y bebidas espirituosas que capturan la esencia y tradici\u00f3n de Ibiza. Desde nuestras ra\u00edces en 1872, hemos mantenido la calidad y autenticidad en cada botella. Este espacio est\u00e1 dedicado a responder tus preguntas sobre nuestros productos, ingredientes y nuestra rica historia. Descubre m\u00e1s sobre lo [&hellip;]","og_url":"https:\/\/www.fmarimayans.com\/en\/frequently-asked-questions\/","og_site_name":"Familia Mar\u00ed Mayans","article_publisher":"https:\/\/www.facebook.com\/fmarimayans","article_modified_time":"2026-02-17T19:25:18+00:00","twitter_card":"summary_large_image","twitter_site":"@fmarimayans","twitter_misc":{"Est. reading time":"2 minutes"},"schema":{"@context":"https:\/\/schema.org","@graph":[{"@type":"WebPage","@id":"https:\/\/www.fmarimayans.com\/en\/frequently-asked-questions\/","url":"https:\/\/www.fmarimayans.com\/en\/frequently-asked-questions\/","name":"Frequently Asked Questions - Familia Mar\u00ed Mayans","isPartOf":{"@id":"https:\/\/www.fmarimayans.com\/en\/#website"},"datePublished":"2022-07-02T01:01:49+00:00","dateModified":"2026-02-17T19:25:18+00:00","breadcrumb":{"@id":"https:\/\/www.fmarimayans.com\/en\/frequently-asked-questions\/#breadcrumb"},"inLanguage":"en-US","potentialAction":[{"@type":"ReadAction","target":["https:\/\/www.fmarimayans.com\/en\/frequently-asked-questions\/"]}]},{"@type":"BreadcrumbList","@id":"https:\/\/www.fmarimayans.com\/en\/frequently-asked-questions\/#breadcrumb","itemListElement":[{"@type":"ListItem","position":1,"name":"Portada","item":"https:\/\/www.fmarimayans.com\/en\/"},{"@type":"ListItem","position":2,"name":"Frequently Asked Questions"}]},{"@type":"WebSite","@id":"https:\/\/www.fmarimayans.com\/en\/#website","url":"https:\/\/www.fmarimayans.com\/en\/","name":"Familia Mar\u00ed Mayans","description":"Hierbas ibicencas Familia Mar\u00ed Mayans. Ibiza en tu copa desde 1880. Hierbas y licores hechos con productos aut\u00f3ctonos de la isla de Ibiza.","publisher":{"@id":"https:\/\/www.fmarimayans.com\/en\/#organization"},"potentialAction":[{"@type":"SearchAction","target":{"@type":"EntryPoint","urlTemplate":"https:\/\/www.fmarimayans.com\/en\/?s={search_term_string}"},"query-input":{"@type":"PropertyValueSpecification","valueRequired":true,"valueName":"search_term_string"}}],"inLanguage":"en-US"},{"@type":"Organization","@id":"https:\/\/www.fmarimayans.com\/en\/#organization","name":"Familia Mar\u00ed Mayans","url":"https:\/\/www.fmarimayans.com\/en\/","logo":{"@type":"ImageObject","inLanguage":"en-US","@id":"https:\/\/www.fmarimayans.com\/en\/#\/schema\/logo\/image\/","url":"https:\/\/www.fmarimayans.com\/wp-content\/uploads\/2024\/02\/logo-familia-mari-mayans.png","contentUrl":"https:\/\/www.fmarimayans.com\/wp-content\/uploads\/2024\/02\/logo-familia-mari-mayans.png","width":170,"height":65,"caption":"Familia Mar\u00ed Mayans"},"image":{"@id":"https:\/\/www.fmarimayans.com\/en\/#\/schema\/logo\/image\/"},"sameAs":["https:\/\/www.facebook.com\/fmarimayans","https:\/\/x.com\/fmarimayans","https:\/\/www.instagram.com\/fmarimayans\/"]}]}},"_links":{"self":[{"href":"https:\/\/www.fmarimayans.com\/en\/wp-json\/wp\/v2\/pages\/9571","targetHints":{"allow":["GET"]}}],"collection":[{"href":"https:\/\/www.fmarimayans.com\/en\/wp-json\/wp\/v2\/pages"}],"about":[{"href":"https:\/\/www.fmarimayans.com\/en\/wp-json\/wp\/v2\/types\/page"}],"author":[{"embeddable":true,"href":"https:\/\/www.fmarimayans.com\/en\/wp-json\/wp\/v2\/users\/6"}],"replies":[{"embeddable":true,"href":"https:\/\/www.fmarimayans.com\/en\/wp-json\/wp\/v2\/comments?post=9571"}],"version-history":[{"count":1,"href":"https:\/\/www.fmarimayans.com\/en\/wp-json\/wp\/v2\/pages\/9571\/revisions"}],"predecessor-version":[{"id":9572,"href":"https:\/\/www.fmarimayans.com\/en\/wp-json\/wp\/v2\/pages\/9571\/revisions\/9572"}],"wp:attachment":[{"href":"https:\/\/www.fmarimayans.com\/en\/wp-json\/wp\/v2\/media?parent=9571"}],"curies":[{"name":"wp","href":"https:\/\/api.w.org\/{rel}","templated":true}]}}