{"id":9586,"date":"2024-02-12T20:54:43","date_gmt":"2024-02-12T19:54:43","guid":{"rendered":"https:\/\/www.fmarimayans.com\/?page_id=9586"},"modified":"2026-02-17T20:26:32","modified_gmt":"2026-02-17T19:26:32","slug":"privacy-policy","status":"publish","type":"page","link":"https:\/\/www.fmarimayans.com\/en\/privacy-policy\/","title":{"rendered":"Privacy Policy"},"content":{"rendered":"\t\t<div data-elementor-type=\"wp-page\" data-elementor-id=\"9586\" class=\"elementor elementor-9586 elementor-3\" data-elementor-post-type=\"page\">\n\t\t\t\t<div class=\"elementor-element elementor-element-e649b71 e-flex e-con-boxed e-con e-parent\" data-id=\"e649b71\" data-element_type=\"container\" data-e-type=\"container\">\n\t\t\t\t\t<div class=\"e-con-inner\">\n\t\t\t\t<div class=\"elementor-element elementor-element-0e278b5 elementor-widget elementor-widget-spacer\" data-id=\"0e278b5\" data-element_type=\"widget\" data-e-type=\"widget\" data-widget_type=\"spacer.default\">\n\t\t\t\t<div class=\"elementor-widget-container\">\n\t\t\t\t\t\t\t<div class=\"elementor-spacer\">\n\t\t\t<div class=\"elementor-spacer-inner\"><\/div>\n\t\t<\/div>\n\t\t\t\t\t\t<\/div>\n\t\t\t\t<\/div>\n\t\t\t\t<div class=\"elementor-element elementor-element-a03b410 elementor-widget elementor-widget-heading\" data-id=\"a03b410\" data-element_type=\"widget\" data-e-type=\"widget\" data-widget_type=\"heading.default\">\n\t\t\t\t<div class=\"elementor-widget-container\">\n\t\t\t\t\t<h1 class=\"elementor-heading-title elementor-size-default\">Privacy Policy<\/h1>\t\t\t\t<\/div>\n\t\t\t\t<\/div>\n\t\t\t\t<div class=\"elementor-element elementor-element-d27f9e5 elementor-widget elementor-widget-text-editor\" data-id=\"d27f9e5\" data-element_type=\"widget\" data-e-type=\"widget\" data-widget_type=\"text-editor.default\">\n\t\t\t\t<div class=\"elementor-widget-container\">\n\t\t\t\t\t\t\t\t\t<p>In accordance with the provisions of Regulation (EU) 2016\/679 of the European Parliament and of the Council of 27 April 2016 on the protection of individuals with regard to the processing of personal data and the free movement of such data, and in the rest of the legislation in force in matters of data protection, the OWNER OF THE WEBSITE informs you as follows:<\/p>\t\t\t\t\t\t\t\t<\/div>\n\t\t\t\t<\/div>\n\t\t\t\t<div class=\"elementor-element elementor-element-db3912f elementor-widget elementor-widget-heading\" data-id=\"db3912f\" data-element_type=\"widget\" data-e-type=\"widget\" data-widget_type=\"heading.default\">\n\t\t\t\t<div class=\"elementor-widget-container\">\n\t\t\t\t\t<h2 class=\"elementor-heading-title elementor-size-default\">Who is responsible for the treatment of your data?<\/h2>\t\t\t\t<\/div>\n\t\t\t\t<\/div>\n\t\t\t\t<div class=\"elementor-element elementor-element-f0e9448 elementor-widget elementor-widget-text-editor\" data-id=\"f0e9448\" data-element_type=\"widget\" data-e-type=\"widget\" data-widget_type=\"text-editor.default\">\n\t\t\t\t<div class=\"elementor-widget-container\">\n\t\t\t\t\t\t\t\t\t<p>The person responsible for processing your personal data is the WEB OWNER, whose identification details, along with other legal information, are available at the <strong><a href=\"https:\/\/www.fmarimayans.com\/legal-notice\/\" target=\"_blank\" rel=\"noopener\">LEGAL NOTICE<\/a><\/strong>.<\/p>\t\t\t\t\t\t\t\t<\/div>\n\t\t\t\t<\/div>\n\t\t\t\t<div class=\"elementor-element elementor-element-a1e95c1 elementor-widget elementor-widget-heading\" data-id=\"a1e95c1\" data-element_type=\"widget\" data-e-type=\"widget\" data-widget_type=\"heading.default\">\n\t\t\t\t<div class=\"elementor-widget-container\">\n\t\t\t\t\t<h2 class=\"elementor-heading-title elementor-size-default\">For what purpose do we process your personal data?<\/h2>\t\t\t\t<\/div>\n\t\t\t\t<\/div>\n\t\t\t\t<div class=\"elementor-element elementor-element-ea0e556 elementor-widget elementor-widget-text-editor\" data-id=\"ea0e556\" data-element_type=\"widget\" data-e-type=\"widget\" data-widget_type=\"text-editor.default\">\n\t\t\t\t<div class=\"elementor-widget-container\">\n\t\t\t\t\t\t\t\t\tThe WEB OWNER will process the information provided by the user through the Website in order to manage the provision of the requested services, manage orders made in the online store, process payments, carry out product shipments, and the administrative management derived from the same. They will also be used to periodically send newsletters and commercial communications about services, events, and news related to the professional activity of the WEB OWNER when the user authorizes it, as well as to assess the user&#8217;s candidacy in case resumes are collected through the website.\t\t\t\t\t\t\t\t<\/div>\n\t\t\t\t<\/div>\n\t\t\t\t<div class=\"elementor-element elementor-element-df1a634 elementor-widget elementor-widget-heading\" data-id=\"df1a634\" data-element_type=\"widget\" data-e-type=\"widget\" data-widget_type=\"heading.default\">\n\t\t\t\t<div class=\"elementor-widget-container\">\n\t\t\t\t\t<h2 class=\"elementor-heading-title elementor-size-default\">How long will your data be kept?<\/h2>\t\t\t\t<\/div>\n\t\t\t\t<\/div>\n\t\t\t\t<div class=\"elementor-element elementor-element-ca615fb elementor-widget elementor-widget-text-editor\" data-id=\"ca615fb\" data-element_type=\"widget\" data-e-type=\"widget\" data-widget_type=\"text-editor.default\">\n\t\t\t\t<div class=\"elementor-widget-container\">\n\t\t\t\t\t\t\t\t\t<p>The personal data will be kept as long as the user does not request the deletion of the same, and in any case, for the years necessary to comply with the legal obligations established by the current legislation, or to address any possible liabilities that may arise.<\/p>\t\t\t\t\t\t\t\t<\/div>\n\t\t\t\t<\/div>\n\t\t\t\t<div class=\"elementor-element elementor-element-0c2d5cc elementor-widget elementor-widget-heading\" data-id=\"0c2d5cc\" data-element_type=\"widget\" data-e-type=\"widget\" data-widget_type=\"heading.default\">\n\t\t\t\t<div class=\"elementor-widget-container\">\n\t\t\t\t\t<h2 class=\"elementor-heading-title elementor-size-default\">What is the legitimation for the processing of your data?<\/h2>\t\t\t\t<\/div>\n\t\t\t\t<\/div>\n\t\t\t\t<div class=\"elementor-element elementor-element-b4ad0b4 elementor-widget elementor-widget-text-editor\" data-id=\"b4ad0b4\" data-element_type=\"widget\" data-e-type=\"widget\" data-widget_type=\"text-editor.default\">\n\t\t\t\t<div class=\"elementor-widget-container\">\n\t\t\t\t\t\t\t\t\tThe legitimation of the WEB OWNER to carry out the processing of users&#8217; data is based on the <strong data-start=\"293\" data-end=\"311>consent<\/strong> of the interested party, which will be requested at the time of data collection. This consent will be necessary for the following purposes:\n\n<ul data-start=\"463\" data-end=\"881\"><li class=\"\" data-start=\"463\" data-end=\"599\"><p class=\"\" data-start=\"465\" data-end=\"599\">The management and execution of the requested services, including orders made in the online store and payment processing.<\/p><\/li><li class=\"\" data-start=\"600\" data-end=\"725\"><p class=\"\" data-start=\"602\" data-end=\"725\">The sending of commercial communications and newsletters, provided that the user has given his express consent thereto.<\/p><\/li><li class=\"\" data-start=\"600\" data-end=\"725\"><p class=\"\" data-start=\"602\" data-end=\"725\">The processing of the necessary data to process resumes in case the user has provided information related to their application.<\/p><\/li><\/ul><p class=\"\" data-start=\"883\" data-end=\"1166\">In the case of users who make purchases or register their data in the online store, the processing of their data will also be legitimized by the <strong data-start=\"1035\" data-end=\"1061>execution of the contract<\/strong> in which both parties are involved (i.e., the sale of products and the management of orders).\t\t\t\t\t\t\t\t<\/div>\n\t\t\t\t<\/div>\n\t\t\t\t<div class=\"elementor-element elementor-element-268cb49 elementor-widget elementor-widget-heading\" data-id=\"268cb49\" data-element_type=\"widget\" data-e-type=\"widget\" data-widget_type=\"heading.default\">\n\t\t\t\t<div class=\"elementor-widget-container\">\n\t\t\t\t\t<h2 class=\"elementor-heading-title elementor-size-default\">To whom will your data be communicated?<\/h2>\t\t\t\t<\/div>\n\t\t\t\t<\/div>\n\t\t\t\t<div class=\"elementor-element elementor-element-79d82da elementor-widget elementor-widget-text-editor\" data-id=\"79d82da\" data-element_type=\"widget\" data-e-type=\"widget\" data-widget_type=\"text-editor.default\">\n\t\t\t\t<div class=\"elementor-widget-container\">\n\t\t\t\t\t\t\t\t\tIn general, personal data will not be disclosed to third parties, unless established by current legislation or necessary for the correct execution of our services. In the case of sending products, your data will be shared with the courier companies responsible for delivery, exclusively for this purpose. The data transferred to these companies will include, when necessary, contact information and delivery address. In addition, if an external payment system is used (such as PayPal, Stripe, or others), your data may be transferred to these platforms to manage payments securely.\t\t\t\t\t\t\t\t<\/div>\n\t\t\t\t<\/div>\n\t\t\t\t<div class=\"elementor-element elementor-element-aa080a8 elementor-widget elementor-widget-heading\" data-id=\"aa080a8\" data-element_type=\"widget\" data-e-type=\"widget\" data-widget_type=\"heading.default\">\n\t\t\t\t<div class=\"elementor-widget-container\">\n\t\t\t\t\t<h2 class=\"elementor-heading-title elementor-size-default\">What are the user's rights?<\/h2>\t\t\t\t<\/div>\n\t\t\t\t<\/div>\n\t\t\t\t<div class=\"elementor-element elementor-element-e7f2f47 elementor-widget elementor-widget-text-editor\" data-id=\"e7f2f47\" data-element_type=\"widget\" data-e-type=\"widget\" data-widget_type=\"text-editor.default\">\n\t\t\t\t<div class=\"elementor-widget-container\">\n\t\t\t\t\t\t\t\t\t<p>The user has the right to obtain confirmation as to whether the WEBSITE OWNER is processing personal data that concerns them or not. They have the right to access their personal data, as well as to request the rectification of inaccurate data or, where applicable, to request their deletion when, for reasons among others, the data are no longer necessary for the purposes that motivated their collection. In certain circumstances, the user may request the limitation of the processing of their personal data, in which case they will only be kept blocked for the exercise or defense in claims. In certain circumstances and for reasons related to their particular situation, users may object to the processing of their data, in which case the WEBSITE OWNER will cease to process their data, unless for compelling legitimate reasons, or the exercise or defense of possible claims. In addition to the aforementioned rights, the user will also have the right to withdraw consent and the right to lodge a complaint with the Supervisory Authority. You have the necessary information at\u00a0<a href=\"http:\/\/www.agpd.es\/\" target=\"_blank\" rel=\"noopener\">www.agpd.es<\/a>. You can actually exercise your rights by providing a copy of your ID or official identification document, by sending an email or by postal mail addressed to the WEBSITE OWNER, whose identifying data can be found in point 1 of the LEGAL NOTICE.<\/p>\t\t\t\t\t\t\t\t<\/div>\n\t\t\t\t<\/div>\n\t\t\t\t<div class=\"elementor-element elementor-element-39c8488 elementor-widget elementor-widget-heading\" data-id=\"39c8488\" data-element_type=\"widget\" data-e-type=\"widget\" data-widget_type=\"heading.default\">\n\t\t\t\t<div class=\"elementor-widget-container\">\n\t\t\t\t\t<h2 class=\"elementor-heading-title elementor-size-default\">What security measures do we implement to protect your data?<\/h2>\t\t\t\t<\/div>\n\t\t\t\t<\/div>\n\t\t\t\t<div class=\"elementor-element elementor-element-c255e5e elementor-widget elementor-widget-text-editor\" data-id=\"c255e5e\" data-element_type=\"widget\" data-e-type=\"widget\" data-widget_type=\"text-editor.default\">\n\t\t\t\t<div class=\"elementor-widget-container\">\n\t\t\t\t\t\t\t\t\t<p class=\"\" data-start=\"3640\" data-end=\"4260\">The OWNER OF THE WEBSITE will treat the User&#8217;s data at all times in an absolutely confidential manner and maintaining the legal duty of secrecy with respect to them, in accordance with the provisions of the applicable regulations. Necessary technical and organizational measures will be taken to ensure the security of the data and prevent its alteration, loss, unauthorized processing or access, such as the use of SSL encryption in the transmission of sensitive data and the establishment of secure authentication processes for users.<\/p>\t\t\t\t\t\t\t\t<\/div>\n\t\t\t\t<\/div>\n\t\t\t\t<div class=\"elementor-element elementor-element-7957f9b elementor-widget elementor-widget-spacer\" data-id=\"7957f9b\" data-element_type=\"widget\" data-e-type=\"widget\" data-widget_type=\"spacer.default\">\n\t\t\t\t<div class=\"elementor-widget-container\">\n\t\t\t\t\t\t\t<div class=\"elementor-spacer\">\n\t\t\t<div class=\"elementor-spacer-inner\"><\/div>\n\t\t<\/div>\n\t\t\t\t\t\t<\/div>\n\t\t\t\t<\/div>\n\t\t\t\t\t<\/div>\n\t\t\t\t<\/div>\n\t\t\t\t<\/div>\n\t\t","protected":false},"excerpt":{"rendered":"<p>Pol\u00edtica de Privacidad En cumplimiento de lo dispuesto en el Reglamento (UE) 2016\/679 del Parlamento Europeo y del Consejo de 27 de abril de 2016 relativo a la protecci\u00f3n de las personas f\u00edsicas en lo que respecta a tratamiento de datos personales y a la libre circulaci\u00f3n de \u00e9stos datos, as\u00ed como en el resto [&hellip;]<\/p>\n","protected":false},"author":6,"featured_media":0,"parent":0,"menu_order":0,"comment_status":"closed","ping_status":"open","template":"","meta":{"inline_featured_image":false,"footnotes":""},"class_list":["post-9586","page","type-page","status-publish","hentry"],"yoast_head":"<!-- This site is optimized with the Yoast SEO Premium plugin v27.2 (Yoast SEO v27.2) - https:\/\/yoast.com\/product\/yoast-seo-premium-wordpress\/ -->\n<title>Privacy Policy - Familia Mar\u00ed Mayans<\/title>\n<meta name=\"robots\" content=\"index, follow, max-snippet:-1, max-image-preview:large, max-video-preview:-1\" \/>\n<link rel=\"canonical\" href=\"https:\/\/www.fmarimayans.com\/en\/privacy-policy\/\" \/>\n<meta property=\"og:locale\" content=\"en_US\" \/>\n<meta property=\"og:type\" content=\"article\" \/>\n<meta property=\"og:title\" content=\"Privacy Policy\" \/>\n<meta property=\"og:description\" content=\"Pol\u00edtica de Privacidad En cumplimiento de lo dispuesto en el Reglamento (UE) 2016\/679 del Parlamento Europeo y del Consejo de 27 de abril de 2016 relativo a la protecci\u00f3n de las personas f\u00edsicas en lo que respecta a tratamiento de datos personales y a la libre circulaci\u00f3n de \u00e9stos datos, as\u00ed como en el resto [&hellip;]\" \/>\n<meta property=\"og:url\" content=\"https:\/\/www.fmarimayans.com\/en\/privacy-policy\/\" \/>\n<meta property=\"og:site_name\" content=\"Familia Mar\u00ed Mayans\" \/>\n<meta property=\"article:publisher\" content=\"https:\/\/www.facebook.com\/fmarimayans\" \/>\n<meta property=\"article:modified_time\" content=\"2026-02-17T19:26:32+00:00\" \/>\n<meta name=\"twitter:card\" content=\"summary_large_image\" \/>\n<meta name=\"twitter:site\" content=\"@fmarimayans\" \/>\n<meta name=\"twitter:label1\" content=\"Est. reading time\" \/>\n\t<meta name=\"twitter:data1\" content=\"5 minutes\" \/>\n<script type=\"application\/ld+json\" class=\"yoast-schema-graph\">{\"@context\":\"https:\/\/schema.org\",\"@graph\":[{\"@type\":\"WebPage\",\"@id\":\"https:\/\/www.fmarimayans.com\/en\/privacy-policy\/\",\"url\":\"https:\/\/www.fmarimayans.com\/en\/privacy-policy\/\",\"name\":\"Privacy Policy - Familia Mar\u00ed Mayans\",\"isPartOf\":{\"@id\":\"https:\/\/www.fmarimayans.com\/en\/#website\"},\"datePublished\":\"2024-02-12T19:54:43+00:00\",\"dateModified\":\"2026-02-17T19:26:32+00:00\",\"breadcrumb\":{\"@id\":\"https:\/\/www.fmarimayans.com\/en\/privacy-policy\/#breadcrumb\"},\"inLanguage\":\"en-US\",\"potentialAction\":[{\"@type\":\"ReadAction\",\"target\":[\"https:\/\/www.fmarimayans.com\/en\/privacy-policy\/\"]}]},{\"@type\":\"BreadcrumbList\",\"@id\":\"https:\/\/www.fmarimayans.com\/en\/privacy-policy\/#breadcrumb\",\"itemListElement\":[{\"@type\":\"ListItem\",\"position\":1,\"name\":\"Portada\",\"item\":\"https:\/\/www.fmarimayans.com\/en\/\"},{\"@type\":\"ListItem\",\"position\":2,\"name\":\"Privacy Policy\"}]},{\"@type\":\"WebSite\",\"@id\":\"https:\/\/www.fmarimayans.com\/en\/#website\",\"url\":\"https:\/\/www.fmarimayans.com\/en\/\",\"name\":\"Familia Mar\u00ed Mayans\",\"description\":\"Hierbas ibicencas Familia Mar\u00ed Mayans. Ibiza en tu copa desde 1880. Hierbas y licores hechos con productos aut\u00f3ctonos de la isla de Ibiza.\",\"publisher\":{\"@id\":\"https:\/\/www.fmarimayans.com\/en\/#organization\"},\"potentialAction\":[{\"@type\":\"SearchAction\",\"target\":{\"@type\":\"EntryPoint\",\"urlTemplate\":\"https:\/\/www.fmarimayans.com\/en\/?s={search_term_string}\"},\"query-input\":{\"@type\":\"PropertyValueSpecification\",\"valueRequired\":true,\"valueName\":\"search_term_string\"}}],\"inLanguage\":\"en-US\"},{\"@type\":\"Organization\",\"@id\":\"https:\/\/www.fmarimayans.com\/en\/#organization\",\"name\":\"Familia Mar\u00ed Mayans\",\"url\":\"https:\/\/www.fmarimayans.com\/en\/\",\"logo\":{\"@type\":\"ImageObject\",\"inLanguage\":\"en-US\",\"@id\":\"https:\/\/www.fmarimayans.com\/en\/#\/schema\/logo\/image\/\",\"url\":\"https:\/\/www.fmarimayans.com\/wp-content\/uploads\/2024\/02\/logo-familia-mari-mayans.png\",\"contentUrl\":\"https:\/\/www.fmarimayans.com\/wp-content\/uploads\/2024\/02\/logo-familia-mari-mayans.png\",\"width\":170,\"height\":65,\"caption\":\"Familia Mar\u00ed Mayans\"},\"image\":{\"@id\":\"https:\/\/www.fmarimayans.com\/en\/#\/schema\/logo\/image\/\"},\"sameAs\":[\"https:\/\/www.facebook.com\/fmarimayans\",\"https:\/\/x.com\/fmarimayans\",\"https:\/\/www.instagram.com\/fmarimayans\/\"]}]}<\/script>\n<!-- \/ Yoast SEO Premium plugin. -->","yoast_head_json":{"title":"Privacy Policy - Familia Mar\u00ed Mayans","robots":{"index":"index","follow":"follow","max-snippet":"max-snippet:-1","max-image-preview":"max-image-preview:large","max-video-preview":"max-video-preview:-1"},"canonical":"https:\/\/www.fmarimayans.com\/en\/privacy-policy\/","og_locale":"en_US","og_type":"article","og_title":"Privacy Policy","og_description":"Pol\u00edtica de Privacidad En cumplimiento de lo dispuesto en el Reglamento (UE) 2016\/679 del Parlamento Europeo y del Consejo de 27 de abril de 2016 relativo a la protecci\u00f3n de las personas f\u00edsicas en lo que respecta a tratamiento de datos personales y a la libre circulaci\u00f3n de \u00e9stos datos, as\u00ed como en el resto [&hellip;]","og_url":"https:\/\/www.fmarimayans.com\/en\/privacy-policy\/","og_site_name":"Familia Mar\u00ed Mayans","article_publisher":"https:\/\/www.facebook.com\/fmarimayans","article_modified_time":"2026-02-17T19:26:32+00:00","twitter_card":"summary_large_image","twitter_site":"@fmarimayans","twitter_misc":{"Est. reading time":"5 minutes"},"schema":{"@context":"https:\/\/schema.org","@graph":[{"@type":"WebPage","@id":"https:\/\/www.fmarimayans.com\/en\/privacy-policy\/","url":"https:\/\/www.fmarimayans.com\/en\/privacy-policy\/","name":"Privacy Policy - Familia Mar\u00ed Mayans","isPartOf":{"@id":"https:\/\/www.fmarimayans.com\/en\/#website"},"datePublished":"2024-02-12T19:54:43+00:00","dateModified":"2026-02-17T19:26:32+00:00","breadcrumb":{"@id":"https:\/\/www.fmarimayans.com\/en\/privacy-policy\/#breadcrumb"},"inLanguage":"en-US","potentialAction":[{"@type":"ReadAction","target":["https:\/\/www.fmarimayans.com\/en\/privacy-policy\/"]}]},{"@type":"BreadcrumbList","@id":"https:\/\/www.fmarimayans.com\/en\/privacy-policy\/#breadcrumb","itemListElement":[{"@type":"ListItem","position":1,"name":"Portada","item":"https:\/\/www.fmarimayans.com\/en\/"},{"@type":"ListItem","position":2,"name":"Privacy Policy"}]},{"@type":"WebSite","@id":"https:\/\/www.fmarimayans.com\/en\/#website","url":"https:\/\/www.fmarimayans.com\/en\/","name":"Familia Mar\u00ed Mayans","description":"Hierbas ibicencas Familia Mar\u00ed Mayans. Ibiza en tu copa desde 1880. Hierbas y licores hechos con productos aut\u00f3ctonos de la isla de Ibiza.","publisher":{"@id":"https:\/\/www.fmarimayans.com\/en\/#organization"},"potentialAction":[{"@type":"SearchAction","target":{"@type":"EntryPoint","urlTemplate":"https:\/\/www.fmarimayans.com\/en\/?s={search_term_string}"},"query-input":{"@type":"PropertyValueSpecification","valueRequired":true,"valueName":"search_term_string"}}],"inLanguage":"en-US"},{"@type":"Organization","@id":"https:\/\/www.fmarimayans.com\/en\/#organization","name":"Familia Mar\u00ed Mayans","url":"https:\/\/www.fmarimayans.com\/en\/","logo":{"@type":"ImageObject","inLanguage":"en-US","@id":"https:\/\/www.fmarimayans.com\/en\/#\/schema\/logo\/image\/","url":"https:\/\/www.fmarimayans.com\/wp-content\/uploads\/2024\/02\/logo-familia-mari-mayans.png","contentUrl":"https:\/\/www.fmarimayans.com\/wp-content\/uploads\/2024\/02\/logo-familia-mari-mayans.png","width":170,"height":65,"caption":"Familia Mar\u00ed Mayans"},"image":{"@id":"https:\/\/www.fmarimayans.com\/en\/#\/schema\/logo\/image\/"},"sameAs":["https:\/\/www.facebook.com\/fmarimayans","https:\/\/x.com\/fmarimayans","https:\/\/www.instagram.com\/fmarimayans\/"]}]}},"_links":{"self":[{"href":"https:\/\/www.fmarimayans.com\/en\/wp-json\/wp\/v2\/pages\/9586","targetHints":{"allow":["GET"]}}],"collection":[{"href":"https:\/\/www.fmarimayans.com\/en\/wp-json\/wp\/v2\/pages"}],"about":[{"href":"https:\/\/www.fmarimayans.com\/en\/wp-json\/wp\/v2\/types\/page"}],"author":[{"embeddable":true,"href":"https:\/\/www.fmarimayans.com\/en\/wp-json\/wp\/v2\/users\/6"}],"replies":[{"embeddable":true,"href":"https:\/\/www.fmarimayans.com\/en\/wp-json\/wp\/v2\/comments?post=9586"}],"version-history":[{"count":2,"href":"https:\/\/www.fmarimayans.com\/en\/wp-json\/wp\/v2\/pages\/9586\/revisions"}],"predecessor-version":[{"id":9589,"href":"https:\/\/www.fmarimayans.com\/en\/wp-json\/wp\/v2\/pages\/9586\/revisions\/9589"}],"wp:attachment":[{"href":"https:\/\/www.fmarimayans.com\/en\/wp-json\/wp\/v2\/media?parent=9586"}],"curies":[{"name":"wp","href":"https:\/\/api.w.org\/{rel}","templated":true}]}}