{"id":9588,"date":"2025-05-14T19:09:09","date_gmt":"2025-05-14T17:09:09","guid":{"rendered":"https:\/\/www.fmarimayans.com\/?page_id=9588"},"modified":"2026-02-17T20:27:19","modified_gmt":"2026-02-17T19:27:19","slug":"legal-notice","status":"publish","type":"page","link":"https:\/\/www.fmarimayans.com\/en\/legal-notice\/","title":{"rendered":"Legal Notice"},"content":{"rendered":"\t\t<div data-elementor-type=\"wp-page\" data-elementor-id=\"9588\" class=\"elementor elementor-9588 elementor-8959\" data-elementor-post-type=\"page\">\n\t\t\t\t<div class=\"elementor-element elementor-element-e649b71 e-flex e-con-boxed e-con e-parent\" data-id=\"e649b71\" data-element_type=\"container\" data-e-type=\"container\">\n\t\t\t\t\t<div class=\"e-con-inner\">\n\t\t\t\t<div class=\"elementor-element elementor-element-0e278b5 elementor-widget elementor-widget-spacer\" data-id=\"0e278b5\" data-element_type=\"widget\" data-e-type=\"widget\" data-widget_type=\"spacer.default\">\n\t\t\t\t<div class=\"elementor-widget-container\">\n\t\t\t\t\t\t\t<div class=\"elementor-spacer\">\n\t\t\t<div class=\"elementor-spacer-inner\"><\/div>\n\t\t<\/div>\n\t\t\t\t\t\t<\/div>\n\t\t\t\t<\/div>\n\t\t\t\t<div class=\"elementor-element elementor-element-a03b410 elementor-widget elementor-widget-heading\" data-id=\"a03b410\" data-element_type=\"widget\" data-e-type=\"widget\" data-widget_type=\"heading.default\">\n\t\t\t\t<div class=\"elementor-widget-container\">\n\t\t\t\t\t<h1 class=\"elementor-heading-title elementor-size-default\">Legal Notice<\/h1>\t\t\t\t<\/div>\n\t\t\t\t<\/div>\n\t\t\t\t<div class=\"elementor-element elementor-element-9107544 elementor-widget elementor-widget-spacer\" data-id=\"9107544\" data-element_type=\"widget\" data-e-type=\"widget\" data-widget_type=\"spacer.default\">\n\t\t\t\t<div class=\"elementor-widget-container\">\n\t\t\t\t\t\t\t<div class=\"elementor-spacer\">\n\t\t\t<div class=\"elementor-spacer-inner\"><\/div>\n\t\t<\/div>\n\t\t\t\t\t\t<\/div>\n\t\t\t\t<\/div>\n\t\t\t\t<div class=\"elementor-element elementor-element-db3912f elementor-widget elementor-widget-heading\" data-id=\"db3912f\" data-element_type=\"widget\" data-e-type=\"widget\" data-widget_type=\"heading.default\">\n\t\t\t\t<div class=\"elementor-widget-container\">\n\t\t\t\t\t<h2 class=\"elementor-heading-title elementor-size-default\">Identification data<\/h2>\t\t\t\t<\/div>\n\t\t\t\t<\/div>\n\t\t\t\t<div class=\"elementor-element elementor-element-f0e9448 elementor-widget elementor-widget-text-editor\" data-id=\"f0e9448\" data-element_type=\"widget\" data-e-type=\"widget\" data-widget_type=\"text-editor.default\">\n\t\t\t\t<div class=\"elementor-widget-container\">\n\t\t\t\t\t\t\t\t\t<p>In accordance with the duty of information set out in Article 10 of Law 34\/2002, of 11 July, on Information Society Services and Electronic Commerce (LSSICE), the <strong>WEB OWNER<\/strong> hereby informs you of the following:<\/p><ul><li style=\"list-style-type: none;\"><ul><li>Company name: <strong>AROM\u00c1TICAS DE IBIZA SL<\/strong><\/li><li>Tax ID: <strong>B57585473<\/strong><\/li><li>Registered office: <strong>Calle Juan de Austria, 19, 5\u00ba A, 07800, Ibiza, Balearic Islands<\/strong><\/li><li>Registered in the Mercantile Registry of:\u00a0<strong>IBIZA<\/strong><\/li><li>Email:\u00a0<strong>info@fmarimayans.com<\/strong><\/li><li>Contact DPO: <strong>info@fmarimayans.com<\/strong><\/li><\/ul><\/li><\/ul>\t\t\t\t\t\t\t\t<\/div>\n\t\t\t\t<\/div>\n\t\t\t\t<div class=\"elementor-element elementor-element-a1e95c1 elementor-widget elementor-widget-heading\" data-id=\"a1e95c1\" data-element_type=\"widget\" data-e-type=\"widget\" data-widget_type=\"heading.default\">\n\t\t\t\t<div class=\"elementor-widget-container\">\n\t\t\t\t\t<h2 class=\"elementor-heading-title elementor-size-default\">Use of the Portal<\/h2>\t\t\t\t<\/div>\n\t\t\t\t<\/div>\n\t\t\t\t<div class=\"elementor-element elementor-element-ea0e556 elementor-widget elementor-widget-text-editor\" data-id=\"ea0e556\" data-element_type=\"widget\" data-e-type=\"widget\" data-widget_type=\"text-editor.default\">\n\t\t\t\t<div class=\"elementor-widget-container\">\n\t\t\t\t\t\t\t\t\t<p>The website and its services are free and open access, however, in order to meet the purposes of some of the services offered by the WEBSITE OWNER the user must previously complete the corresponding form. Therefore, if the necessary data is not provided or not done correctly, the requests cannot be met, without prejudice to the fact that the content of the website can be viewed freely.<\/p>\t\t\t\t\t\t\t\t<\/div>\n\t\t\t\t<\/div>\n\t\t\t\t<div class=\"elementor-element elementor-element-df1a634 elementor-widget elementor-widget-heading\" data-id=\"df1a634\" data-element_type=\"widget\" data-e-type=\"widget\" data-widget_type=\"heading.default\">\n\t\t\t\t<div class=\"elementor-widget-container\">\n\t\t\t\t\t<h2 class=\"elementor-heading-title elementor-size-default\">Users<\/h2>\t\t\t\t<\/div>\n\t\t\t\t<\/div>\n\t\t\t\t<div class=\"elementor-element elementor-element-ca615fb elementor-widget elementor-widget-text-editor\" data-id=\"ca615fb\" data-element_type=\"widget\" data-e-type=\"widget\" data-widget_type=\"text-editor.default\">\n\t\t\t\t<div class=\"elementor-widget-container\">\n\t\t\t\t\t\t\t\t\t<p>Access to and\/or use of this portal attributes the condition of USER, who accepts, from such access and\/or use, the General Conditions of Use reflected herein. The aforementioned Conditions will apply regardless of the General Contracting Conditions that may be mandatory compliance in each case. The User:<\/p><ul><li>Warrants that they have informed third parties whose data they provide, if they do so, of the aspects contained in this document. Likewise, they warrant that they have obtained their authorization to provide their data to the WEB OWNER for the purposes indicated.<\/li><li>Will be responsible for the false or inaccurate information they provide through the Website and for the damages and losses, direct or indirect, that this may cause to the WEB OWNER or to third parties.<\/li><\/ul>\t\t\t\t\t\t\t\t<\/div>\n\t\t\t\t<\/div>\n\t\t\t\t<div class=\"elementor-element elementor-element-0c2d5cc elementor-widget elementor-widget-heading\" data-id=\"0c2d5cc\" data-element_type=\"widget\" data-e-type=\"widget\" data-widget_type=\"heading.default\">\n\t\t\t\t<div class=\"elementor-widget-container\">\n\t\t\t\t\t<h2 class=\"elementor-heading-title elementor-size-default\">Intellectual and industrial property<\/h2>\t\t\t\t<\/div>\n\t\t\t\t<\/div>\n\t\t\t\t<div class=\"elementor-element elementor-element-b4ad0b4 elementor-widget elementor-widget-text-editor\" data-id=\"b4ad0b4\" data-element_type=\"widget\" data-e-type=\"widget\" data-widget_type=\"text-editor.default\">\n\t\t\t\t<div class=\"elementor-widget-container\">\n\t\t\t\t\t\t\t\t\t<p>The OWNER OF THE WEBSITE, either personally or as a licensee, is the holder of all intellectual and industrial property rights of its website, as well as of the elements contained therein (by way of example, images, sound, audio, video, software or texts; trademarks or logos, color combinations, structure and design, selection of materials used, computer programs necessary for its operation, access and use, etc.), ownership of the OWNER OF THE WEBSITE or its licensors. All rights reserved. In accordance with the provisions of articles 8 and 32.1, second paragraph, of the Intellectual Property Law, the reproduction, distribution and public communication, including its mode of making available, of the totality or part of the contents of this website for commercial purposes, on any support and by any technical means, without the authorization of the OWNER OF THE WEBSITE, is expressly prohibited. The USER undertakes to respect the Intellectual and Industrial Property rights owned by the OWNER OF THE WEBSITE. They may view the elements of the portal and even print them, copy and store them on the hard drive of their computer or on any other physical medium, always and exclusively for their personal and private use. The USER must refrain from deleting, altering, circumventing or manipulating any protective device or security system that may be installed on the pages of the OWNER OF THE WEBSITE.<\/p>\t\t\t\t\t\t\t\t<\/div>\n\t\t\t\t<\/div>\n\t\t\t\t<div class=\"elementor-element elementor-element-268cb49 elementor-widget elementor-widget-heading\" data-id=\"268cb49\" data-element_type=\"widget\" data-e-type=\"widget\" data-widget_type=\"heading.default\">\n\t\t\t\t<div class=\"elementor-widget-container\">\n\t\t\t\t\t<h2 class=\"elementor-heading-title elementor-size-default\">Exclusion of warranties and liability<\/h2>\t\t\t\t<\/div>\n\t\t\t\t<\/div>\n\t\t\t\t<div class=\"elementor-element elementor-element-79d82da elementor-widget elementor-widget-text-editor\" data-id=\"79d82da\" data-element_type=\"widget\" data-e-type=\"widget\" data-widget_type=\"text-editor.default\">\n\t\t\t\t<div class=\"elementor-widget-container\">\n\t\t\t\t\t\t\t\t\t<p>The OWNER OF THE WEBSITE shall not be held responsible, under any circumstances, for damages and losses of any kind that may be caused, for example: errors or omissions in the content, lack of website availability or transmission of viruses or malicious programs or those that are harmful in the content, even though all necessary technological measures have been taken to prevent this.<\/p>\t\t\t\t\t\t\t\t<\/div>\n\t\t\t\t<\/div>\n\t\t\t\t<div class=\"elementor-element elementor-element-aa080a8 elementor-widget elementor-widget-heading\" data-id=\"aa080a8\" data-element_type=\"widget\" data-e-type=\"widget\" data-widget_type=\"heading.default\">\n\t\t\t\t<div class=\"elementor-widget-container\">\n\t\t\t\t\t<h2 class=\"elementor-heading-title elementor-size-default\">Modifications<\/h2>\t\t\t\t<\/div>\n\t\t\t\t<\/div>\n\t\t\t\t<div class=\"elementor-element elementor-element-e7f2f47 elementor-widget elementor-widget-text-editor\" data-id=\"e7f2f47\" data-element_type=\"widget\" data-e-type=\"widget\" data-widget_type=\"text-editor.default\">\n\t\t\t\t<div class=\"elementor-widget-container\">\n\t\t\t\t\t\t\t\t\t<p>The OWNER OF THE WEBSITE reserves the right to make without prior notice the modifications they consider appropriate on their website, being able to change, delete or add both the content and services that are provided through it, as well as the way in which they are presented or located on their website.<\/p>\t\t\t\t\t\t\t\t<\/div>\n\t\t\t\t<\/div>\n\t\t\t\t<div class=\"elementor-element elementor-element-39c8488 elementor-widget elementor-widget-heading\" data-id=\"39c8488\" data-element_type=\"widget\" data-e-type=\"widget\" data-widget_type=\"heading.default\">\n\t\t\t\t<div class=\"elementor-widget-container\">\n\t\t\t\t\t<h2 class=\"elementor-heading-title elementor-size-default\">Links<\/h2>\t\t\t\t<\/div>\n\t\t\t\t<\/div>\n\t\t\t\t<div class=\"elementor-element elementor-element-c255e5e elementor-widget elementor-widget-text-editor\" data-id=\"c255e5e\" data-element_type=\"widget\" data-e-type=\"widget\" data-widget_type=\"text-editor.default\">\n\t\t\t\t<div class=\"elementor-widget-container\">\n\t\t\t\t\t\t\t\t\t<p>In the event that the portal contains links or hyperlinks to other Internet sites, the WEB OWNER will not exercise any control over such sites and content. Under no circumstances will the WEB OWNER assume any responsibility for the content of any link belonging to an external website, nor will it guarantee the technical availability, quality, reliability, accuracy, scope, truthfulness, validity, and constitutionality of any material or information contained in any of these hyperlinks or other Internet sites. Likewise, the inclusion of these external connections will not imply any kind of association, merger, or participation with the connected entities.<\/p>\t\t\t\t\t\t\t\t<\/div>\n\t\t\t\t<\/div>\n\t\t\t\t<div class=\"elementor-element elementor-element-4c47e4c elementor-widget elementor-widget-heading\" data-id=\"4c47e4c\" data-element_type=\"widget\" data-e-type=\"widget\" data-widget_type=\"heading.default\">\n\t\t\t\t<div class=\"elementor-widget-container\">\n\t\t\t\t\t<h2 class=\"elementor-heading-title elementor-size-default\">Exclusion right<\/h2>\t\t\t\t<\/div>\n\t\t\t\t<\/div>\n\t\t\t\t<div class=\"elementor-element elementor-element-04a504b elementor-widget elementor-widget-text-editor\" data-id=\"04a504b\" data-element_type=\"widget\" data-e-type=\"widget\" data-widget_type=\"text-editor.default\">\n\t\t\t\t<div class=\"elementor-widget-container\">\n\t\t\t\t\t\t\t\t\t<p>The WEB OWNER reserves the right to deny or withdraw access to the portal and\/or the services offered without prior notice, at their own instance or that of a third party, to those users who violate these General Terms of Use.<\/p>\t\t\t\t\t\t\t\t<\/div>\n\t\t\t\t<\/div>\n\t\t\t\t<div class=\"elementor-element elementor-element-34611d3 elementor-widget elementor-widget-heading\" data-id=\"34611d3\" data-element_type=\"widget\" data-e-type=\"widget\" data-widget_type=\"heading.default\">\n\t\t\t\t<div class=\"elementor-widget-container\">\n\t\t\t\t\t<h2 class=\"elementor-heading-title elementor-size-default\">General Information<\/h2>\t\t\t\t<\/div>\n\t\t\t\t<\/div>\n\t\t\t\t<div class=\"elementor-element elementor-element-096dd39 elementor-widget elementor-widget-text-editor\" data-id=\"096dd39\" data-element_type=\"widget\" data-e-type=\"widget\" data-widget_type=\"text-editor.default\">\n\t\t\t\t<div class=\"elementor-widget-container\">\n\t\t\t\t\t\t\t\t\t<p>The OWNER OF THE WEBSITE will pursue the breach of these conditions, as well as any improper use of their portal, exercising all civil and criminal actions that may correspond to them by law.<\/p>\t\t\t\t\t\t\t\t<\/div>\n\t\t\t\t<\/div>\n\t\t\t\t<div class=\"elementor-element elementor-element-0d85acc elementor-widget elementor-widget-heading\" data-id=\"0d85acc\" data-element_type=\"widget\" data-e-type=\"widget\" data-widget_type=\"heading.default\">\n\t\t\t\t<div class=\"elementor-widget-container\">\n\t\t\t\t\t<h2 class=\"elementor-heading-title elementor-size-default\">Modification of these conditions and duration<\/h2>\t\t\t\t<\/div>\n\t\t\t\t<\/div>\n\t\t\t\t<div class=\"elementor-element elementor-element-d6e75be elementor-widget elementor-widget-text-editor\" data-id=\"d6e75be\" data-element_type=\"widget\" data-e-type=\"widget\" data-widget_type=\"text-editor.default\">\n\t\t\t\t<div class=\"elementor-widget-container\">\n\t\t\t\t\t\t\t\t\t<p>The OWNER OF THE WEBSITE may modify the conditions determined here at any time, being duly published as they appear here. The validity of the mentioned conditions will depend on their display and will be in force until they are modified by others duly published.<\/p>\t\t\t\t\t\t\t\t<\/div>\n\t\t\t\t<\/div>\n\t\t\t\t<div class=\"elementor-element elementor-element-3bb8098 elementor-widget elementor-widget-spacer\" data-id=\"3bb8098\" data-element_type=\"widget\" data-e-type=\"widget\" data-widget_type=\"spacer.default\">\n\t\t\t\t<div class=\"elementor-widget-container\">\n\t\t\t\t\t\t\t<div class=\"elementor-spacer\">\n\t\t\t<div class=\"elementor-spacer-inner\"><\/div>\n\t\t<\/div>\n\t\t\t\t\t\t<\/div>\n\t\t\t\t<\/div>\n\t\t\t\t\t<\/div>\n\t\t\t\t<\/div>\n\t\t\t\t<\/div>\n\t\t","protected":false},"excerpt":{"rendered":"<p>Aviso Legal Datos identificativos En cumplimiento con el deber de informaci\u00f3n recogido en art\u00edculo 10 de la Ley 34\/2002, de 11 de julio, de Servicios de la Sociedad de la Informaci\u00f3n y del Comercio Electr\u00f3nico (LSSICE), el PROPIETARIO DE LA WEB, le informa de lo siguiente: Denominaci\u00f3n social: AROM\u00c1TICAS DE IBIZA SL CIF: B57585473 Domicilio [&hellip;]<\/p>\n","protected":false},"author":6,"featured_media":0,"parent":0,"menu_order":0,"comment_status":"closed","ping_status":"open","template":"","meta":{"inline_featured_image":false,"footnotes":""},"class_list":["post-9588","page","type-page","status-publish","hentry"],"yoast_head":"<!-- This site is optimized with the Yoast SEO Premium plugin v27.2 (Yoast SEO v27.2) - https:\/\/yoast.com\/product\/yoast-seo-premium-wordpress\/ -->\n<title>Legal Notice - Familia Mar\u00ed Mayans<\/title>\n<meta name=\"robots\" content=\"index, follow, max-snippet:-1, max-image-preview:large, max-video-preview:-1\" \/>\n<link rel=\"canonical\" href=\"https:\/\/www.fmarimayans.com\/en\/legal-notice\/\" \/>\n<meta property=\"og:locale\" content=\"en_US\" \/>\n<meta property=\"og:type\" content=\"article\" \/>\n<meta property=\"og:title\" content=\"Legal Notice\" \/>\n<meta property=\"og:description\" content=\"Aviso Legal Datos identificativos En cumplimiento con el deber de informaci\u00f3n recogido en art\u00edculo 10 de la Ley 34\/2002, de 11 de julio, de Servicios de la Sociedad de la Informaci\u00f3n y del Comercio Electr\u00f3nico (LSSICE), el PROPIETARIO DE LA WEB, le informa de lo siguiente: Denominaci\u00f3n social: AROM\u00c1TICAS DE IBIZA SL CIF: B57585473 Domicilio [&hellip;]\" \/>\n<meta property=\"og:url\" content=\"https:\/\/www.fmarimayans.com\/en\/legal-notice\/\" \/>\n<meta property=\"og:site_name\" content=\"Familia Mar\u00ed Mayans\" \/>\n<meta property=\"article:publisher\" content=\"https:\/\/www.facebook.com\/fmarimayans\" \/>\n<meta property=\"article:modified_time\" content=\"2026-02-17T19:27:19+00:00\" \/>\n<meta name=\"twitter:card\" content=\"summary_large_image\" \/>\n<meta name=\"twitter:site\" content=\"@fmarimayans\" \/>\n<meta name=\"twitter:label1\" content=\"Est. reading time\" \/>\n\t<meta name=\"twitter:data1\" content=\"5 minutes\" \/>\n<script type=\"application\/ld+json\" class=\"yoast-schema-graph\">{\"@context\":\"https:\/\/schema.org\",\"@graph\":[{\"@type\":\"WebPage\",\"@id\":\"https:\/\/www.fmarimayans.com\/en\/legal-notice\/\",\"url\":\"https:\/\/www.fmarimayans.com\/en\/legal-notice\/\",\"name\":\"Legal Notice - Familia Mar\u00ed Mayans\",\"isPartOf\":{\"@id\":\"https:\/\/www.fmarimayans.com\/en\/#website\"},\"datePublished\":\"2025-05-14T17:09:09+00:00\",\"dateModified\":\"2026-02-17T19:27:19+00:00\",\"breadcrumb\":{\"@id\":\"https:\/\/www.fmarimayans.com\/en\/legal-notice\/#breadcrumb\"},\"inLanguage\":\"en-US\",\"potentialAction\":[{\"@type\":\"ReadAction\",\"target\":[\"https:\/\/www.fmarimayans.com\/en\/legal-notice\/\"]}]},{\"@type\":\"BreadcrumbList\",\"@id\":\"https:\/\/www.fmarimayans.com\/en\/legal-notice\/#breadcrumb\",\"itemListElement\":[{\"@type\":\"ListItem\",\"position\":1,\"name\":\"Portada\",\"item\":\"https:\/\/www.fmarimayans.com\/en\/\"},{\"@type\":\"ListItem\",\"position\":2,\"name\":\"Legal Notice\"}]},{\"@type\":\"WebSite\",\"@id\":\"https:\/\/www.fmarimayans.com\/en\/#website\",\"url\":\"https:\/\/www.fmarimayans.com\/en\/\",\"name\":\"Familia Mar\u00ed Mayans\",\"description\":\"Hierbas ibicencas Familia Mar\u00ed Mayans. Ibiza en tu copa desde 1880. Hierbas y licores hechos con productos aut\u00f3ctonos de la isla de Ibiza.\",\"publisher\":{\"@id\":\"https:\/\/www.fmarimayans.com\/en\/#organization\"},\"potentialAction\":[{\"@type\":\"SearchAction\",\"target\":{\"@type\":\"EntryPoint\",\"urlTemplate\":\"https:\/\/www.fmarimayans.com\/en\/?s={search_term_string}\"},\"query-input\":{\"@type\":\"PropertyValueSpecification\",\"valueRequired\":true,\"valueName\":\"search_term_string\"}}],\"inLanguage\":\"en-US\"},{\"@type\":\"Organization\",\"@id\":\"https:\/\/www.fmarimayans.com\/en\/#organization\",\"name\":\"Familia Mar\u00ed Mayans\",\"url\":\"https:\/\/www.fmarimayans.com\/en\/\",\"logo\":{\"@type\":\"ImageObject\",\"inLanguage\":\"en-US\",\"@id\":\"https:\/\/www.fmarimayans.com\/en\/#\/schema\/logo\/image\/\",\"url\":\"https:\/\/www.fmarimayans.com\/wp-content\/uploads\/2024\/02\/logo-familia-mari-mayans.png\",\"contentUrl\":\"https:\/\/www.fmarimayans.com\/wp-content\/uploads\/2024\/02\/logo-familia-mari-mayans.png\",\"width\":170,\"height\":65,\"caption\":\"Familia Mar\u00ed Mayans\"},\"image\":{\"@id\":\"https:\/\/www.fmarimayans.com\/en\/#\/schema\/logo\/image\/\"},\"sameAs\":[\"https:\/\/www.facebook.com\/fmarimayans\",\"https:\/\/x.com\/fmarimayans\",\"https:\/\/www.instagram.com\/fmarimayans\/\"]}]}<\/script>\n<!-- \/ Yoast SEO Premium plugin. -->","yoast_head_json":{"title":"Legal Notice - Familia Mar\u00ed Mayans","robots":{"index":"index","follow":"follow","max-snippet":"max-snippet:-1","max-image-preview":"max-image-preview:large","max-video-preview":"max-video-preview:-1"},"canonical":"https:\/\/www.fmarimayans.com\/en\/legal-notice\/","og_locale":"en_US","og_type":"article","og_title":"Legal Notice","og_description":"Aviso Legal Datos identificativos En cumplimiento con el deber de informaci\u00f3n recogido en art\u00edculo 10 de la Ley 34\/2002, de 11 de julio, de Servicios de la Sociedad de la Informaci\u00f3n y del Comercio Electr\u00f3nico (LSSICE), el PROPIETARIO DE LA WEB, le informa de lo siguiente: Denominaci\u00f3n social: AROM\u00c1TICAS DE IBIZA SL CIF: B57585473 Domicilio [&hellip;]","og_url":"https:\/\/www.fmarimayans.com\/en\/legal-notice\/","og_site_name":"Familia Mar\u00ed Mayans","article_publisher":"https:\/\/www.facebook.com\/fmarimayans","article_modified_time":"2026-02-17T19:27:19+00:00","twitter_card":"summary_large_image","twitter_site":"@fmarimayans","twitter_misc":{"Est. reading time":"5 minutes"},"schema":{"@context":"https:\/\/schema.org","@graph":[{"@type":"WebPage","@id":"https:\/\/www.fmarimayans.com\/en\/legal-notice\/","url":"https:\/\/www.fmarimayans.com\/en\/legal-notice\/","name":"Legal Notice - Familia Mar\u00ed Mayans","isPartOf":{"@id":"https:\/\/www.fmarimayans.com\/en\/#website"},"datePublished":"2025-05-14T17:09:09+00:00","dateModified":"2026-02-17T19:27:19+00:00","breadcrumb":{"@id":"https:\/\/www.fmarimayans.com\/en\/legal-notice\/#breadcrumb"},"inLanguage":"en-US","potentialAction":[{"@type":"ReadAction","target":["https:\/\/www.fmarimayans.com\/en\/legal-notice\/"]}]},{"@type":"BreadcrumbList","@id":"https:\/\/www.fmarimayans.com\/en\/legal-notice\/#breadcrumb","itemListElement":[{"@type":"ListItem","position":1,"name":"Portada","item":"https:\/\/www.fmarimayans.com\/en\/"},{"@type":"ListItem","position":2,"name":"Legal Notice"}]},{"@type":"WebSite","@id":"https:\/\/www.fmarimayans.com\/en\/#website","url":"https:\/\/www.fmarimayans.com\/en\/","name":"Familia Mar\u00ed Mayans","description":"Hierbas ibicencas Familia Mar\u00ed Mayans. Ibiza en tu copa desde 1880. Hierbas y licores hechos con productos aut\u00f3ctonos de la isla de Ibiza.","publisher":{"@id":"https:\/\/www.fmarimayans.com\/en\/#organization"},"potentialAction":[{"@type":"SearchAction","target":{"@type":"EntryPoint","urlTemplate":"https:\/\/www.fmarimayans.com\/en\/?s={search_term_string}"},"query-input":{"@type":"PropertyValueSpecification","valueRequired":true,"valueName":"search_term_string"}}],"inLanguage":"en-US"},{"@type":"Organization","@id":"https:\/\/www.fmarimayans.com\/en\/#organization","name":"Familia Mar\u00ed Mayans","url":"https:\/\/www.fmarimayans.com\/en\/","logo":{"@type":"ImageObject","inLanguage":"en-US","@id":"https:\/\/www.fmarimayans.com\/en\/#\/schema\/logo\/image\/","url":"https:\/\/www.fmarimayans.com\/wp-content\/uploads\/2024\/02\/logo-familia-mari-mayans.png","contentUrl":"https:\/\/www.fmarimayans.com\/wp-content\/uploads\/2024\/02\/logo-familia-mari-mayans.png","width":170,"height":65,"caption":"Familia Mar\u00ed Mayans"},"image":{"@id":"https:\/\/www.fmarimayans.com\/en\/#\/schema\/logo\/image\/"},"sameAs":["https:\/\/www.facebook.com\/fmarimayans","https:\/\/x.com\/fmarimayans","https:\/\/www.instagram.com\/fmarimayans\/"]}]}},"_links":{"self":[{"href":"https:\/\/www.fmarimayans.com\/en\/wp-json\/wp\/v2\/pages\/9588","targetHints":{"allow":["GET"]}}],"collection":[{"href":"https:\/\/www.fmarimayans.com\/en\/wp-json\/wp\/v2\/pages"}],"about":[{"href":"https:\/\/www.fmarimayans.com\/en\/wp-json\/wp\/v2\/types\/page"}],"author":[{"embeddable":true,"href":"https:\/\/www.fmarimayans.com\/en\/wp-json\/wp\/v2\/users\/6"}],"replies":[{"embeddable":true,"href":"https:\/\/www.fmarimayans.com\/en\/wp-json\/wp\/v2\/comments?post=9588"}],"version-history":[{"count":1,"href":"https:\/\/www.fmarimayans.com\/en\/wp-json\/wp\/v2\/pages\/9588\/revisions"}],"predecessor-version":[{"id":9590,"href":"https:\/\/www.fmarimayans.com\/en\/wp-json\/wp\/v2\/pages\/9588\/revisions\/9590"}],"wp:attachment":[{"href":"https:\/\/www.fmarimayans.com\/en\/wp-json\/wp\/v2\/media?parent=9588"}],"curies":[{"name":"wp","href":"https:\/\/api.w.org\/{rel}","templated":true}]}}